{"id":424,"date":"2023-05-17T12:47:36","date_gmt":"2023-05-17T15:47:36","guid":{"rendered":"https:\/\/spseguross.com.br\/?page_id=424"},"modified":"2023-05-18T13:58:22","modified_gmt":"2023-05-18T16:58:22","slug":"fazer-cotacao","status":"publish","type":"page","link":"https:\/\/spseguross.com.br\/index.php\/fazer-cotacao\/","title":{"rendered":"Fazer Cota\u00e7\u00e3o"},"content":{"rendered":"\t\t<div data-elementor-type=\"wp-page\" data-elementor-id=\"424\" class=\"elementor elementor-424\">\n\t\t\t\t\t\t\t<div class=\"elementor-element elementor-element-e4aac08 e-con-boxed e-flex e-con\" data-id=\"e4aac08\" data-element_type=\"container\" data-settings=\"{&quot;background_background&quot;:&quot;classic&quot;,&quot;content_width&quot;:&quot;boxed&quot;}\">\n\t\t\t\t\t<div class=\"e-con-inner\">\n\t\t<div class=\"elementor-element elementor-element-a777abf e-con-full e-flex e-con\" data-id=\"a777abf\" data-element_type=\"container\" data-settings=\"{&quot;content_width&quot;:&quot;full&quot;}\">\n\t\t\t\t<div class=\"elementor-element elementor-element-e398b2a elementor-widget elementor-widget-image\" data-id=\"e398b2a\" data-element_type=\"widget\" data-widget_type=\"image.default\">\n\t\t\t\t<div class=\"elementor-widget-container\">\n\t\t\t<style>\/*! elementor - v3.13.2 - 11-05-2023 *\/\n.elementor-widget-image{text-align:center}.elementor-widget-image a{display:inline-block}.elementor-widget-image a img[src$=\".svg\"]{width:48px}.elementor-widget-image img{vertical-align:middle;display:inline-block}<\/style>\t\t\t\t\t\t\t\t\t\t\t\t<img decoding=\"async\" width=\"1024\" height=\"1024\" src=\"https:\/\/spseguross.com.br\/wp-content\/uploads\/2023\/05\/sp-seguros-1-1024x1024.png\" class=\"attachment-large size-large wp-image-447\" alt=\"\" loading=\"lazy\" srcset=\"https:\/\/spseguross.com.br\/wp-content\/uploads\/2023\/05\/sp-seguros-1-1024x1024.png 1024w, https:\/\/spseguross.com.br\/wp-content\/uploads\/2023\/05\/sp-seguros-1-300x300.png 300w, https:\/\/spseguross.com.br\/wp-content\/uploads\/2023\/05\/sp-seguros-1-150x150.png 150w, https:\/\/spseguross.com.br\/wp-content\/uploads\/2023\/05\/sp-seguros-1-768x768.png 768w, https:\/\/spseguross.com.br\/wp-content\/uploads\/2023\/05\/sp-seguros-1-230x230.png 230w, https:\/\/spseguross.com.br\/wp-content\/uploads\/2023\/05\/sp-seguros-1-400x400.png 400w, https:\/\/spseguross.com.br\/wp-content\/uploads\/2023\/05\/sp-seguros-1-600x600.png 600w, https:\/\/spseguross.com.br\/wp-content\/uploads\/2023\/05\/sp-seguros-1-640x640.png 640w, https:\/\/spseguross.com.br\/wp-content\/uploads\/2023\/05\/sp-seguros-1.png 1080w\" sizes=\"(max-width: 1024px) 100vw, 1024px\" \/>\t\t\t\t\t\t\t\t\t\t\t\t\t\t\t<\/div>\n\t\t\t\t<\/div>\n\t\t\t\t<\/div>\n\t\t<div class=\"elementor-element elementor-element-a21881c e-con-full e-flex e-con\" data-id=\"a21881c\" data-element_type=\"container\" data-settings=\"{&quot;content_width&quot;:&quot;full&quot;}\">\n\t\t\t\t<div class=\"elementor-element elementor-element-2ff69e1 elementor-widget elementor-widget-wpforms\" data-id=\"2ff69e1\" data-element_type=\"widget\" data-widget_type=\"wpforms.default\">\n\t\t\t\t<div class=\"elementor-widget-container\">\n\t\t\t<style id=\"wpforms-css-vars-root\">\n\t\t\t\t:root {\n\t\t\t\t\t--wpforms-field-border-radius: 3px;\n--wpforms-field-background-color: #ffffff;\n--wpforms-field-border-color: rgba( 0, 0, 0, 0.25 );\n--wpforms-field-text-color: rgba( 0, 0, 0, 0.7 );\n--wpforms-label-color: rgba( 0, 0, 0, 0.85 );\n--wpforms-label-sublabel-color: rgba( 0, 0, 0, 0.55 );\n--wpforms-label-error-color: #d63637;\n--wpforms-button-border-radius: 3px;\n--wpforms-button-background-color: #066aab;\n--wpforms-button-text-color: #ffffff;\n--wpforms-field-size-input-height: 43px;\n--wpforms-field-size-input-spacing: 15px;\n--wpforms-field-size-font-size: 16px;\n--wpforms-field-size-line-height: 19px;\n--wpforms-field-size-padding-h: 14px;\n--wpforms-field-size-checkbox-size: 16px;\n--wpforms-field-size-sublabel-spacing: 5px;\n--wpforms-field-size-icon-size: 1;\n--wpforms-label-size-font-size: 16px;\n--wpforms-label-size-line-height: 19px;\n--wpforms-label-size-sublabel-font-size: 14px;\n--wpforms-label-size-sublabel-line-height: 17px;\n--wpforms-button-size-font-size: 17px;\n--wpforms-button-size-height: 41px;\n--wpforms-button-size-padding-h: 15px;\n--wpforms-button-size-margin-top: 10px;\n\n\t\t\t\t}\n\t\t\t<\/style><div class=\"wpforms-container wpforms-container-full wpforms-render-modern\" id=\"wpforms-70\"><form id=\"wpforms-form-70\" class=\"wpforms-validate wpforms-form\" data-formid=\"70\" method=\"post\" enctype=\"multipart\/form-data\" action=\"\/index.php\/wp-json\/wp\/v2\/pages\/424\" data-token=\"95f07897be4920d5c2632fad17986c17\"><div class=\"wpforms-head-container\"><div class=\"wpforms-title\">Fa\u00e7a Sua Cota\u00e7\u00e3o<\/div><div class=\"wpforms-description\">Preencha seus dados, e entraremos em contato para mais informa\u00e7\u00f5es.<\/div><\/div><noscript class=\"wpforms-error-noscript\">Please enable JavaScript in your browser to complete this form.<\/noscript><div class=\"wpforms-hidden\" id=\"wpforms-error-noscript\">Please enable JavaScript in your browser to complete this form.<\/div><div class=\"wpforms-field-container\"><div id=\"wpforms-70-field_8-container\" class=\"wpforms-field wpforms-field-name\" data-field-id=\"8\"><label class=\"wpforms-field-label\" for=\"wpforms-70-field_8\">Nome Completo <span class=\"wpforms-required-label\" aria-hidden=\"true\">*<\/span><\/label><input type=\"text\" id=\"wpforms-70-field_8\" class=\"wpforms-field-large wpforms-field-required\" name=\"wpforms[fields][8]\" aria-errormessage=\"wpforms-70-field_8-error\" required><\/div><div id=\"wpforms-70-field_6-container\" class=\"wpforms-field wpforms-field-number\" data-field-id=\"6\"><label class=\"wpforms-field-label\" for=\"wpforms-70-field_6\">Telefone <span class=\"wpforms-required-label\" aria-hidden=\"true\">*<\/span><\/label><input type=\"number\" pattern=\"\\d*\" id=\"wpforms-70-field_6\" class=\"wpforms-field-large wpforms-field-required\" name=\"wpforms[fields][6]\" aria-errormessage=\"wpforms-70-field_6-error\" required><\/div><div id=\"wpforms-70-field_1-container\" class=\"wpforms-field wpforms-field-email\" data-field-id=\"1\"><label class=\"wpforms-field-label\" for=\"wpforms-70-field_1\">Email <span class=\"wpforms-required-label\" aria-hidden=\"true\">*<\/span><\/label><input type=\"email\" id=\"wpforms-70-field_1\" class=\"wpforms-field-large wpforms-field-required\" name=\"wpforms[fields][1]\" spellcheck=\"false\" aria-errormessage=\"wpforms-70-field_1-error\" required><\/div><div id=\"wpforms-70-field_9-container\" class=\"wpforms-field wpforms-field-textarea\" data-field-id=\"9\"><label class=\"wpforms-field-label\" for=\"wpforms-70-field_9\">Mensagem <span class=\"wpforms-required-label\" aria-hidden=\"true\">*<\/span><\/label><textarea id=\"wpforms-70-field_9\" class=\"wpforms-field-medium wpforms-field-required\" name=\"wpforms[fields][9]\" placeholder=\"Descreva em detalhes o que precisa.\" aria-errormessage=\"wpforms-70-field_9-error\" required><\/textarea><\/div><\/div><!-- .wpforms-field-container --><div class=\"wpforms-submit-container\" ><input type=\"hidden\" name=\"wpforms[id]\" value=\"70\"><input type=\"hidden\" name=\"wpforms[author]\" value=\"1\"><button type=\"submit\" name=\"wpforms[submit]\" id=\"wpforms-submit-70\" class=\"wpforms-submit\" data-alt-text=\"ENVIANDO..\" data-submit-text=\"ENVIAR\" aria-live=\"assertive\" value=\"wpforms-submit\">ENVIAR<\/button><\/div><\/form><\/div>  <!-- .wpforms-container -->\t\t<\/div>\n\t\t\t\t<\/div>\n\t\t\t\t<\/div>\n\t\t\t\t\t<\/div>\n\t\t\t\t<\/div>\n\t\t\t\t\t\t\t<\/div>\n\t\t","protected":false},"excerpt":{"rendered":"","protected":false},"author":1,"featured_media":0,"parent":0,"menu_order":0,"comment_status":"closed","ping_status":"closed","template":"elementor_header_footer","meta":{"_uag_custom_page_level_css":""},"uagb_featured_image_src":{"full":false,"thumbnail":false,"medium":false,"medium_large":false,"large":false,"1536x1536":false,"2048x2048":false,"post-thumbnail":false,"kava-thumb-s":false,"kava-thumb-s-2":false,"kava-thumb-m":false,"kava-thumb-m-vertical":false,"kava-thumb-m-2":false,"kava-thumb-l":false,"kava-thumb-xl":false,"kava-thumb-masonry":false,"kava-thumb-justify":false,"kava-thumb-justify-2":false},"uagb_author_info":{"display_name":"spseguross","author_link":"https:\/\/spseguross.com.br\/index.php\/author\/spseguross\/"},"uagb_comment_info":0,"uagb_excerpt":null,"_links":{"self":[{"href":"https:\/\/spseguross.com.br\/index.php\/wp-json\/wp\/v2\/pages\/424"}],"collection":[{"href":"https:\/\/spseguross.com.br\/index.php\/wp-json\/wp\/v2\/pages"}],"about":[{"href":"https:\/\/spseguross.com.br\/index.php\/wp-json\/wp\/v2\/types\/page"}],"author":[{"embeddable":true,"href":"https:\/\/spseguross.com.br\/index.php\/wp-json\/wp\/v2\/users\/1"}],"replies":[{"embeddable":true,"href":"https:\/\/spseguross.com.br\/index.php\/wp-json\/wp\/v2\/comments?post=424"}],"version-history":[{"count":8,"href":"https:\/\/spseguross.com.br\/index.php\/wp-json\/wp\/v2\/pages\/424\/revisions"}],"predecessor-version":[{"id":452,"href":"https:\/\/spseguross.com.br\/index.php\/wp-json\/wp\/v2\/pages\/424\/revisions\/452"}],"wp:attachment":[{"href":"https:\/\/spseguross.com.br\/index.php\/wp-json\/wp\/v2\/media?parent=424"}],"curies":[{"name":"wp","href":"https:\/\/api.w.org\/{rel}","templated":true}]}}